{"id":51,"date":"2020-04-15T17:29:32","date_gmt":"2020-04-15T17:29:32","guid":{"rendered":"http:\/\/bettina-bayer.de\/?page_id=51"},"modified":"2023-12-09T19:06:32","modified_gmt":"2023-12-09T19:06:32","slug":"datenschutz","status":"publish","type":"page","link":"https:\/\/www.bettina-bayer.de\/?page_id=51","title":{"rendered":"datenschutz"},"content":{"rendered":"\n<h3 class=\"wp-block-heading\">Datenschutzerkl\u00e4rung<\/h3>\n\n\n\n<p>Diese \nDatenschutzerkl\u00e4rung kl\u00e4rt Sie \u00fcber die Art, den Umfang und Zweck der \nVerarbeitung von personenbezogenen Daten (nachfolgend kurz \u201eDaten\u201c) im \nRahmen der Erbringung unserer Leistungen sowie\ninnerhalb unseres Onlineangebotes und der mit ihm verbundenen Webseiten,\n Funktionen und Inhalte sowie externen Onlinepr\u00e4senzen, wie z.B. unser \nSocial Media Profile auf (nachfolgend gemeinsam\nbezeichnet als \u201eOnlineangebot\u201c). Im Hinblick auf die verwendeten \nBegrifflichkeiten, wie z.B. \u201eVerarbeitung\u201c oder \u201eVerantwortlicher\u201c \nverweisen wir auf die Definitionen im Art. 4 der\nDatenschutzgrundverordnung (DSGVO).<\/p>\n\n\n\n<h3 class=\"wp-block-heading\">Verantwortlicher<\/h3>\n\n\n\n<p>Dr. Bettina Bayer f\u00fcr jeannie unleashed<br> E-Mail: jeannie.unleashed@gmx.de<\/p>\n\n\n\n<h3 class=\"wp-block-heading\">Arten der verarbeiteten Daten<\/h3>\n\n\n\n<p>&#8211; Bestandsdaten (z.B., Personen-Stammdaten, Namen oder Adressen).<br>\n&#8211; Kontaktdaten (z.B., E-Mail, Telefonnummern).<br>\n&#8211; Inhaltsdaten (z.B., Texteingaben, Fotografien, Videos).<br>\n&#8211; Nutzungsdaten (z.B., besuchte Webseiten, Interesse an Inhalten, Zugriffszeiten).<br>\n&#8211; Meta-\/Kommunikationsdaten (z.B., Ger\u00e4te-Informationen, IP-Adressen).<\/p>\n\n\n\n<h3 class=\"wp-block-heading\">Kategorien betroffener Personen<\/h3>\n\n\n\n<p>Besucher und Nutzer des Onlineangebotes (Nachfolgend bezeichnen wir die betroffenen Personen zusammenfassend auch als \u201eNutzer\u201c).<\/p>\n\n\n\n<h3 class=\"wp-block-heading\">Zweck der Verarbeitung<\/h3>\n\n\n\n<p>&#8211; Zurverf\u00fcgungstellung des Onlineangebotes, seiner Funktionen und Inhalte.<br>\n&#8211; Beantwortung von Kontaktanfragen und Kommunikation mit Nutzern.<br>\n&#8211; Sicherheitsma\u00dfnahmen.<br>\n&#8211; Reichweitenmessung\/Marketing<\/p>\n\n\n\n<h3 class=\"wp-block-heading\">Verwendete Begrifflichkeiten<\/h3>\n\n\n\n<p>\u201ePersonenbezogene Daten\u201c sind alle Informationen, die sich auf eine \nidentifizierte oder identifizierbare nat\u00fcrliche Person (im Folgenden \n\u201ebetroffene Person\u201c) beziehen; als identifizierbar wird\neine nat\u00fcrliche Person angesehen, die direkt oder indirekt, insbesondere\n mittels Zuordnung zu einer Kennung wie einem Namen, zu einer \nKennnummer, zu Standortdaten, zu einer Online-Kennung (z.B.\nCookie) oder zu einem oder mehreren besonderen Merkmalen identifiziert \nwerden kann, die Ausdruck der physischen, physiologischen, genetischen, \npsychischen, wirtschaftlichen, kulturellen oder sozialen\nIdentit\u00e4t dieser nat\u00fcrlichen Person sind.<br>\n<br>\n\u201eVerarbeitung\u201c ist jeder mit oder ohne Hilfe automatisierter Verfahren \nausgef\u00fchrte Vorgang oder jede solche Vorgangsreihe im Zusammenhang mit \npersonenbezogenen Daten. Der Begriff reicht weit und\numfasst praktisch jeden Umgang mit Daten.<br>\n<br>\n\u201ePseudonymisierung\u201c die Verarbeitung personenbezogener Daten in einer \nWeise, dass die personenbezogenen Daten ohne Hinzuziehung zus\u00e4tzlicher \nInformationen nicht mehr einer spezifischen betroffenen\nPerson zugeordnet werden k\u00f6nnen, sofern diese zus\u00e4tzlichen Informationen\n gesondert aufbewahrt werden und technischen und organisatorischen \nMa\u00dfnahmen unterliegen, die gew\u00e4hrleisten, dass die\npersonenbezogenen Daten nicht einer identifizierten oder \nidentifizierbaren nat\u00fcrlichen Person zugewiesen werden.<br>\n<br>\n\u201eProfiling\u201c jede Art der automatisierten Verarbeitung personenbezogener \nDaten, die darin besteht, dass diese personenbezogenen Daten verwendet \nwerden, um bestimmte pers\u00f6nliche Aspekte, die sich auf\neine nat\u00fcrliche Person beziehen, zu bewerten, insbesondere um Aspekte \nbez\u00fcglich Arbeitsleistung, wirtschaftliche Lage, Gesundheit, pers\u00f6nliche\n Vorlieben, Interessen, Zuverl\u00e4ssigkeit, Verhalten,\nAufenthaltsort oder Ortswechsel dieser nat\u00fcrlichen Person zu analysieren\n oder vorherzusagen.<br>\n<br>\nAls \u201eVerantwortlicher\u201c wird die nat\u00fcrliche oder juristische Person, \nBeh\u00f6rde, Einrichtung oder andere Stelle, die allein oder gemeinsam mit \nanderen \u00fcber die Zwecke und Mittel der Verarbeitung von\npersonenbezogenen Daten entscheidet, bezeichnet.<br>\n<br>\n\u201eAuftragsverarbeiter\u201c eine nat\u00fcrliche oder juristische Person, Beh\u00f6rde, \nEinrichtung oder andere Stelle, die personenbezogene Daten im Auftrag \ndes Verantwortlichen verarbeitet.<\/p>\n\n\n\n<h3 class=\"wp-block-heading\">Ma\u00dfgebliche Rechtsgrundlagen<\/h3>\n\n\n\n<p>Nach Ma\u00dfgabe des Art. 13 DSGVO teilen wir Ihnen die Rechtsgrundlagen \nunserer Datenverarbeitungen mit. F\u00fcr Nutzer aus dem Geltungsbereich der \nDatenschutzgrundverordnung (DSGVO), d.h. der EU und des\nEWG gilt, sofern die Rechtsgrundlage in der Datenschutzerkl\u00e4rung nicht \ngenannt wird, Folgendes:<\/p>\n\n\n\n<p><br>\nDie Rechtsgrundlage f\u00fcr die Einholung von Einwilligungen ist Art. 6 Abs. 1 lit. a und Art. 7 DSGVO;<br>\nDie Rechtsgrundlage f\u00fcr die Verarbeitung zur Erf\u00fcllung unserer \nLeistungen und Durchf\u00fchrung vertraglicher Ma\u00dfnahmen sowie Beantwortung \nvon Anfragen ist Art. 6 Abs. 1 lit. b DSGVO;<br>\nDie Rechtsgrundlage f\u00fcr die Verarbeitung zur Erf\u00fcllung unserer rechtlichen Verpflichtungen ist Art. 6 Abs. 1 lit. c DSGVO;<br>\nF\u00fcr den Fall, dass lebenswichtige Interessen der betroffenen Person oder\n einer anderen nat\u00fcrlichen Person eine Verarbeitung personenbezogener \nDaten erforderlich machen, dient Art. 6 Abs. 1 lit. d\nDSGVO als Rechtsgrundlage.<br>\nDie Rechtsgrundlage f\u00fcr die erforderliche Verarbeitung zur Wahrnehmung \neiner Aufgabe, die im \u00f6ffentlichen Interesse liegt oder in Aus\u00fcbung \n\u00f6ffentlicher Gewalt erfolgt, die dem Verantwortlichen\n\u00fcbertragen wurde ist Art. 6 Abs. 1 lit. e DSGVO.<br>\nDie Rechtsgrundlage f\u00fcr die Verarbeitung zur Wahrung unserer berechtigten Interessen ist Art. 6 Abs. 1 lit. f DSGVO.<br>\nDie Verarbeitung von Daten zu anderen Zwecken als denen, zu denen sie \nerhoben wurden, bestimmt sich nach den Vorgaben des Art 6 Abs. 4 DSGVO.<br>\nDie Verarbeitung von besonderen Kategorien von Daten (entsprechend Art. 9\n Abs. 1 DSGVO) bestimmt sich nach den Vorgaben des Art. 9 Abs. 2 DSGVO.<\/p>\n\n\n\n<h3 class=\"wp-block-heading\">Sicherheitsma\u00dfnahmen<\/h3>\n\n\n\n<p>Wir treffen nach Ma\u00dfgabe der gesetzlichen Vorgabenunter \nBer\u00fccksichtigung des Stands der Technik, der Implementierungskosten und \nder Art, des Umfangs, der Umst\u00e4nde und der Zwecke der Verarbeitung\nsowie der unterschiedlichen Eintrittswahrscheinlichkeit und Schwere des \nRisikos f\u00fcr die Rechte und Freiheiten nat\u00fcrlicher Personen, geeignete \ntechnische und organisatorische Ma\u00dfnahmen, um ein dem\nRisiko angemessenes Schutzniveau zu gew\u00e4hrleisten.<br>\n<br>\nZu den Ma\u00dfnahmen geh\u00f6ren insbesondere die Sicherung der Vertraulichkeit,\n Integrit\u00e4t und Verf\u00fcgbarkeit von Daten durch Kontrolle des physischen \nZugangs zu den Daten, als auch des sie betreffenden\nZugriffs, der Eingabe, Weitergabe, der Sicherung der Verf\u00fcgbarkeit und \nihrer Trennung. Des Weiteren haben wir Verfahren eingerichtet, die eine \nWahrnehmung von Betroffenenrechten, L\u00f6schung von Daten\nund Reaktion auf Gef\u00e4hrdung der Daten gew\u00e4hrleisten. Ferner \nber\u00fccksichtigen wir den Schutz personenbezogener Daten bereits bei der \nEntwicklung, bzw. Auswahl von Hardware, Software sowie Verfahren,\nentsprechend dem Prinzip des Datenschutzes durch Technikgestaltung und \ndurch datenschutzfreundliche Voreinstellungen.<\/p>\n\n\n\n<h3 class=\"wp-block-heading\">Zusammenarbeit mit Auftragsverarbeitern, gemeinsam Verantwortlichen und Dritten<\/h3>\n\n\n\n<p>Sofern wir im Rahmen unserer Verarbeitung Daten gegen\u00fcber anderen \nPersonen und Unternehmen (Auftragsverarbeitern, gemeinsam \nVerantwortlichen oder Dritten) offenbaren, sie an diese \u00fcbermitteln oder\nihnen sonst Zugriff auf die Daten gew\u00e4hren, erfolgt dies nur auf \nGrundlage einer gesetzlichen Erlaubnis (z.B. wenn eine \u00dcbermittlung der \nDaten an Dritte, wie an Zahlungsdienstleister, zur\nVertragserf\u00fcllung erforderlich ist), Nutzer eingewilligt haben, eine \nrechtliche Verpflichtung dies vorsieht oder auf Grundlage unserer \nberechtigten Interessen (z.B. beim Einsatz von Beauftragten,\nWebhostern, etc.).<br>\n<br>\nSofern wir Daten anderen Unternehmen unserer Unternehmensgruppe \noffenbaren, \u00fcbermitteln oder ihnen sonst den Zugriff gew\u00e4hren, erfolgt \ndies insbesondere zu administrativen Zwecken als berechtigtes\nInteresse und dar\u00fcberhinausgehend auf einer den gesetzlichen Vorgaben \nentsprechenden Grundlage.<\/p>\n\n\n\n<h3 class=\"wp-block-heading\">\u00dcbermittlungen in Drittl\u00e4nder<\/h3>\n\n\n\n<p>Sofern wir Daten in einem Drittland (d.h. au\u00dferhalb der Europ\u00e4ischen \nUnion (EU), des Europ\u00e4ischen Wirtschaftsraums (EWR) oder der Schweizer \nEidgenossenschaft) verarbeiten oder dies im Rahmen der\nInanspruchnahme von Diensten Dritter oder Offenlegung, bzw. \u00dcbermittlung\n von Daten an andere Personen oder Unternehmen geschieht, erfolgt dies \nnur, wenn es zur Erf\u00fcllung unserer (vor)vertraglichen\nPflichten, auf Grundlage Ihrer Einwilligung, aufgrund einer rechtlichen \nVerpflichtung oder auf Grundlage unserer berechtigten Interessen \ngeschieht. Vorbehaltlich ausdr\u00fccklicher Einwilligung oder\nvertraglich erforderlicher \u00dcbermittlung, verarbeiten oder lassen wir die\n Daten nur in Drittl\u00e4ndern mit einem anerkannten Datenschutzniveau, zu \ndenen die unter dem &#8222;Privacy-Shield&#8220; zertifizierten\nUS-Verarbeiter geh\u00f6ren oder auf Grundlage besonderer Garantien, wie z.B.\n vertraglicher Verpflichtung durch sogenannte Standardschutzklauseln der\n EU-Kommission, dem Vorliegen von Zertifizierungen oder\nverbindlichen internen Datenschutzvorschriften verarbeiten (Art. 44 bis \n49 DSGVO, <a href=\"https:\/\/ec.europa.eu\/info\/law\/law-topic\/data-protection\/data-transfers-outside-eu_de\">Informationsseite der EU-Kommission<\/a>).<\/p>\n\n\n\n<h3 class=\"wp-block-heading\">Rechte der betroffenen Personen<\/h3>\n\n\n\n<p>Sie haben das Recht, eine Best\u00e4tigung dar\u00fcber zu verlangen, ob \nbetreffende Daten verarbeitet werden und auf Auskunft \u00fcber diese Daten \nsowie auf weitere Informationen und Kopie der Daten\nentsprechend den gesetzlichen Vorgaben.<br>\n<br>\nSie haben entsprechend. den gesetzlichen Vorgaben das Recht, die \nVervollst\u00e4ndigung der Sie betreffenden Daten oder die Berichtigung der \nSie betreffenden unrichtigen Daten zu verlangen.<br>\n<br>\nSie haben nach Ma\u00dfgabe der gesetzlichen Vorgaben das Recht zu verlangen,\n dass betreffende Daten unverz\u00fcglich gel\u00f6scht werden, bzw. alternativ \nnach Ma\u00dfgabe der gesetzlichen Vorgaben eine Einschr\u00e4nkung\nder Verarbeitung der Daten zu verlangen.<br>\n<br>\nSie haben das Recht zu verlangen, dass die Sie betreffenden Daten, die \nSie uns bereitgestellt haben nach Ma\u00dfgabe der gesetzlichen Vorgaben zu \nerhalten und deren \u00dcbermittlung an andere Verantwortliche\nzu fordern.<br>\n<br>\nSie haben ferner nach Ma\u00dfgabe der gesetzlichen Vorgaben das Recht, eine \nBeschwerde bei der zust\u00e4ndigen Aufsichtsbeh\u00f6rde einzureichen.<\/p>\n\n\n\n<h3 class=\"wp-block-heading\">Widerrufsrecht<\/h3>\n\n\n\n<p>Sie haben das Recht, erteilte Einwilligungen mit Wirkung f\u00fcr die Zukunft zu widerrufen.<\/p>\n\n\n\n<h3 class=\"wp-block-heading\">Widerspruchsrecht<\/h3>\n\n\n\n<p><strong>Sie k\u00f6nnen der k\u00fcnftigen Verarbeitung der Sie betreffenden \nDaten nach Ma\u00dfgabe der gesetzlichen Vorgaben jederzeit widersprechen. \nDer Widerspruch kann insbesondere gegen die Verarbeitung\nf\u00fcr Zwecke der Direktwerbung erfolgen.<\/strong><\/p>\n\n\n\n<h3 class=\"wp-block-heading\">Cookies und Widerspruchsrecht bei Direktwerbung<\/h3>\n\n\n\n<p>Als \u201eCookies\u201c werden kleine Dateien bezeichnet, die auf Rechnern der \nNutzer gespeichert werden. Innerhalb der Cookies k\u00f6nnen unterschiedliche\n Angaben gespeichert werden. Ein Cookie dient prim\u00e4r\ndazu, die Angaben zu einem Nutzer (bzw. dem Ger\u00e4t auf dem das Cookie \ngespeichert ist) w\u00e4hrend oder auch nach seinem Besuch innerhalb eines \nOnlineangebotes zu speichern. Als tempor\u00e4re Cookies, bzw.\n\u201eSession-Cookies\u201c oder \u201etransiente Cookies\u201c, werden Cookies bezeichnet, \ndie gel\u00f6scht werden, nachdem ein Nutzer ein Onlineangebot verl\u00e4sst und \nseinen Browser schlie\u00dft. In einem solchen Cookie kann\nz.B. der Inhalt eines Warenkorbs in einem Onlineshop oder ein \nLogin-Status gespeichert werden. Als \u201epermanent\u201c oder \u201epersistent\u201c \nwerden Cookies bezeichnet, die auch nach dem Schlie\u00dfen des Browsers\ngespeichert bleiben. So kann z.B. der Login-Status gespeichert werden, \nwenn die Nutzer diese nach mehreren Tagen aufsuchen. Ebenso k\u00f6nnen in \neinem solchen Cookie die Interessen der Nutzer gespeichert\nwerden, die f\u00fcr Reichweitenmessung oder Marketingzwecke verwendet \nwerden. Als \u201eThird-Party-Cookie\u201c werden Cookies bezeichnet, die von \nanderen Anbietern als dem Verantwortlichen, der das Onlineangebot\nbetreibt, angeboten werden (andernfalls, wenn es nur dessen Cookies sind\n spricht man von \u201eFirst-Party Cookies\u201c).<br>\n<br>\nWir k\u00f6nnen tempor\u00e4re und permanente Cookies einsetzen und kl\u00e4ren hier\u00fcber im Rahmen unserer Datenschutzerkl\u00e4rung auf.<br>\n<br>\nSofern wir die Nutzer um eine Einwilligung in den Einsatz von Cookies \nbitten (z.B. im Rahmen einer Cookie-Einwilligung), ist die \nRechtsgrundlage dieser Verarbeitung Art. 6 Abs. 1 lit. a. DSGVO.\nAnsonsten werden die personenbezogenen Cookies der Nutzer entsprechend \nden nachfolgenden Erl\u00e4uterungen im Rahmen dieser Datenschutzerkl\u00e4rung \nauf Grundlage unserer berechtigten Interessen (d.h.\nInteresse an der Analyse, Optimierung und wirtschaftlichem Betrieb \nunseres Onlineangebotes im Sinne des Art. 6 Abs. 1 lit. f. DSGVO) oder \nsofern der Einsatz von Cookies zur Erbringung unserer\nvertragsbezogenen Leistungen erforderlich ist, gem. Art. 6 Abs. 1 lit. \nb. DSGVO, bzw. sofern der Einsatz von Cookies f\u00fcr die Wahrnehmung einer \nAufgabe, die im \u00f6ffentlichen Interesse liegt\nerforderlich ist oder in Aus\u00fcbung \u00f6ffentlicher Gewalt erfolgt, gem. Art.\n 6 Abs. 1 lit. e. DSGVO, verarbeitet.<br>\n<br>\nFalls die Nutzer nicht m\u00f6chten, dass Cookies auf ihrem Rechner \ngespeichert werden, werden sie gebeten die entsprechende Option in den \nSystemeinstellungen ihres Browsers zu deaktivieren. Gespeicherte\nCookies k\u00f6nnen in den Systemeinstellungen des Browsers gel\u00f6scht werden. \nDer Ausschluss von Cookies kann zu Funktionseinschr\u00e4nkungen dieses \nOnlineangebotes f\u00fchren.<br>\n<br>\nEin genereller Widerspruch gegen den Einsatz der zu Zwecken des \nOnlinemarketing eingesetzten Cookies kann bei einer Vielzahl der \nDienste, vor allem im Fall des Trackings, \u00fcber die US-amerikanische\nSeite <a href=\"http:\/\/www.aboutads.info\/choices\/\" rel=\"noreferrer noopener\" target=\"_blank\">http:\/\/www.aboutads.info\/choices\/&#8220;&gt;http:\/\/www.aboutads.info\/choices\/<\/a> oder die EU-Seite <a href=\"http:\/\/www.youronlinechoices.com\/\" rel=\"noreferrer noopener\" target=\"_blank\">http:\/\/www.youronlinechoices.com\/&#8220;&gt;http:\/\/www.youronlinechoices.com\/<\/a>\n erkl\u00e4rt werden. Des Weiteren kann die Speicherung von\nCookies mittels deren Abschaltung in den Einstellungen des Browsers \nerreicht werden. Bitte beachten Sie, dass dann gegebenenfalls nicht alle\n Funktionen dieses Onlineangebotes genutzt werden\nk\u00f6nnen.<\/p>\n\n\n\n<h3 class=\"wp-block-heading\">L\u00f6schung von Daten<\/h3>\n\n\n\n<p>Die von uns verarbeiteten Daten werden nach Ma\u00dfgabe der gesetzlichen \nVorgaben gel\u00f6scht oder in ihrer Verarbeitung eingeschr\u00e4nkt. Sofern nicht\n im Rahmen dieser Datenschutzerkl\u00e4rung ausdr\u00fccklich\nangegeben, werden die bei uns gespeicherten Daten gel\u00f6scht, sobald sie \nf\u00fcr ihre Zweckbestimmung nicht mehr erforderlich sind und der L\u00f6schung \nkeine gesetzlichen Aufbewahrungspflichten\nentgegenstehen.<br>\n<br>\nSofern die Daten nicht gel\u00f6scht werden, weil sie f\u00fcr andere und \ngesetzlich zul\u00e4ssige Zwecke erforderlich sind, wird deren Verarbeitung \neingeschr\u00e4nkt. D.h. die Daten werden gesperrt und nicht f\u00fcr\nandere Zwecke verarbeitet. Das gilt z.B. f\u00fcr Daten, die aus handels- \noder steuerrechtlichen Gr\u00fcnden aufbewahrt werden m\u00fcssen.<\/p>\n\n\n\n<h3 class=\"wp-block-heading\">\u00c4nderungen und Aktualisierungen der Datenschutzerkl\u00e4rung<\/h3>\n\n\n\n<p>Wir bitten Sie sich regelm\u00e4\u00dfig \u00fcber den Inhalt unserer \nDatenschutzerkl\u00e4rung zu informieren. Wir passen die Datenschutzerkl\u00e4rung\n an, sobald die \u00c4nderungen der von uns durchgef\u00fchrten\nDatenverarbeitungen dies erforderlich machen. Wir informieren Sie, \nsobald durch die \u00c4nderungen eine Mitwirkungshandlung Ihrerseits (z.B. \nEinwilligung) oder eine sonstige individuelle Benachrichtigung\nerforderlich wird.<\/p>\n\n\n\n<h3 class=\"wp-block-heading\">Erbringung unserer satzungs- und gesch\u00e4ftsgem\u00e4\u00dfen Leistungen<\/h3>\n\n\n\n<p>Wir verarbeiten die Daten unserer Mitglieder, Unterst\u00fctzer, \nInteressenten, Kunden oder sonstiger Personen entsprechend Art. 6 Abs. 1\n lit. b. DSGVO, sofern wir ihnen gegen\u00fcber vertragliche\nLeistungen anbieten oder im Rahmen bestehender gesch\u00e4ftlicher Beziehung,\n z.B. gegen\u00fcber Mitgliedern, t\u00e4tig werden oder selbst Empf\u00e4nger von \nLeistungen und Zuwendungen sind. Im \u00dcbrigen verarbeiten wir\ndie Daten betroffener Personen gem. Art. 6 Abs. 1 lit. f. DSGVO auf \nGrundlage unserer berechtigten Interessen, z.B. wenn es sich um \nadministrative Aufgaben oder \u00d6ffentlichkeitsarbeit handelt.<br>\n<br>\nDie hierbei verarbeiteten Daten, die Art, der Umfang und der Zweck und \ndie Erforderlichkeit ihrer Verarbeitung bestimmen sich nach dem \nzugrundeliegenden Vertragsverh\u00e4ltnis. Dazu geh\u00f6ren grunds\u00e4tzlich\nBestands- und Stammdaten der Personen (z.B., Name, Adresse, etc.), als \nauch die Kontaktdaten (z.B., E-Mailadresse, Telefon, etc.), die \nVertragsdaten (z.B., in Anspruch genommene Leistungen,\nmitgeteilte Inhalte und Informationen, Namen von Kontaktpersonen) und \nsofern wir zahlungspflichtige Leistungen oder Produkte anbieten, \nZahlungsdaten (z.B., Bankverbindung, Zahlungshistorie,\netc.).<br>\n<br>\nWir l\u00f6schen Daten, die zur Erbringung unserer satzungs- und \ngesch\u00e4ftsm\u00e4\u00dfigen Zwecke nicht mehr erforderlich sind. Dies bestimmt sich\n entsprechend der jeweiligen Aufgaben und vertraglichen\nBeziehungen. Im Fall gesch\u00e4ftlicher Verarbeitung bewahren wir die Daten \nso lange auf, wie sie zur Gesch\u00e4ftsabwicklung, als auch im Hinblick auf \netwaige Gew\u00e4hrleistungs- oder Haftungspflichten\nrelevant sein k\u00f6nnen. Die Erforderlichkeit der Aufbewahrung der Daten \nwird alle drei Jahre \u00fcberpr\u00fcft; im \u00dcbrigen gelten die gesetzlichen \nAufbewahrungspflichten.<\/p>\n\n\n\n<h3 class=\"wp-block-heading\">Kontaktaufnahme<\/h3>\n\n\n\n<p>Bei der Kontaktaufnahme mit uns (z.B. per Kontaktformular, E-Mail, \nTelefon oder via sozialer Medien) werden die Angaben des Nutzers zur \nBearbeitung der Kontaktanfrage und deren Abwicklung gem.\nArt. 6 Abs. 1 lit. b. (im Rahmen vertraglicher-\/vorvertraglicher \nBeziehungen), Art. 6 Abs. 1 lit. f. (andere Anfragen) DSGVO \nverarbeitet.. Die Angaben der Nutzer k\u00f6nnen in einem\nCustomer-Relationship-Management System (&#8222;CRM System&#8220;) oder \nvergleichbarer Anfragenorganisation gespeichert werden.<br>\n<br>\nWir l\u00f6schen die Anfragen, sofern diese nicht mehr erforderlich sind. Wir\n \u00fcberpr\u00fcfen die Erforderlichkeit alle zwei Jahre; Ferner gelten die \ngesetzlichen Archivierungspflichten.<\/p>\n\n\n\n<p><a href=\"https:\/\/datenschutz-generator.de\" rel=\"noreferrer noopener\" target=\"_blank\">Erstellt mit Datenschutz-Generator.de von RA Dr. Thomas Schwenke<\/a><\/p>\n","protected":false},"excerpt":{"rendered":"<p>Datenschutzerkl\u00e4rung Diese Datenschutzerkl\u00e4rung kl\u00e4rt Sie \u00fcber die Art, den Umfang und Zweck der Verarbeitung von personenbezogenen Daten (nachfolgend kurz \u201eDaten\u201c) im Rahmen der Erbringung unserer Leistungen sowie innerhalb unseres Onlineangebotes und der mit ihm verbundenen Webseiten, Funktionen und Inhalte sowie externen Onlinepr\u00e4senzen, wie z.B. unser Social Media Profile auf (nachfolgend gemeinsam bezeichnet als \u201eOnlineangebot\u201c). Im [&hellip;]<\/p>\n","protected":false},"author":1,"featured_media":0,"parent":0,"menu_order":0,"comment_status":"closed","ping_status":"closed","template":"","meta":{"footnotes":""},"class_list":["post-51","page","type-page","status-publish","hentry","post"],"_links":{"self":[{"href":"https:\/\/www.bettina-bayer.de\/index.php?rest_route=\/wp\/v2\/pages\/51","targetHints":{"allow":["GET"]}}],"collection":[{"href":"https:\/\/www.bettina-bayer.de\/index.php?rest_route=\/wp\/v2\/pages"}],"about":[{"href":"https:\/\/www.bettina-bayer.de\/index.php?rest_route=\/wp\/v2\/types\/page"}],"author":[{"embeddable":true,"href":"https:\/\/www.bettina-bayer.de\/index.php?rest_route=\/wp\/v2\/users\/1"}],"replies":[{"embeddable":true,"href":"https:\/\/www.bettina-bayer.de\/index.php?rest_route=%2Fwp%2Fv2%2Fcomments&post=51"}],"version-history":[{"count":3,"href":"https:\/\/www.bettina-bayer.de\/index.php?rest_route=\/wp\/v2\/pages\/51\/revisions"}],"predecessor-version":[{"id":131,"href":"https:\/\/www.bettina-bayer.de\/index.php?rest_route=\/wp\/v2\/pages\/51\/revisions\/131"}],"wp:attachment":[{"href":"https:\/\/www.bettina-bayer.de\/index.php?rest_route=%2Fwp%2Fv2%2Fmedia&parent=51"}],"curies":[{"name":"wp","href":"https:\/\/api.w.org\/{rel}","templated":true}]}}