{"id":19,"date":"2020-04-15T16:44:21","date_gmt":"2020-04-15T16:44:21","guid":{"rendered":"http:\/\/bettina-bayer.de\/?page_id=19"},"modified":"2023-12-09T19:07:22","modified_gmt":"2023-12-09T19:07:22","slug":"impressum","status":"publish","type":"page","link":"https:\/\/www.bettina-bayer.de\/?page_id=19","title":{"rendered":"impressum"},"content":{"rendered":"\n<p><strong>Verantwortlich<\/strong><\/p>\n\n\n\n<p>jeannie unleashed <\/p>\n\n\n\n<p><\/p>\n\n\n\n<p>c\/o Dr. Bettina Bayer Slevogtstr. 22, 28209 Bremen<\/p>\n\n\n\n<p>E-Mail: jeannie.unleashed@gmx.de <\/p>\n\n\n\n<p><\/p>\n\n\n\n<p><strong>Haftung f\u00fcr Inhalte<\/strong><br>Als Diensteanbieter sind wir gem\u00e4\u00df \u00a7 7 Abs.1 TMG f\u00fcr eigene Inhalte auf diesen Seiten nach den allgemeinen Gesetzen verantwortlich. Nach \u00a7\u00a7 8 bis 10 TMG sind wir als  Diensteanbieter jedoch nicht verpflichtet, \u00fcbermittelte oder  gespeicherte fremde Informationen zu \u00fcberwachen oder nach Umst\u00e4nden zu forschen, die auf eine rechtswidrige T\u00e4tigkeit hinweisen.<\/p>\n\n\n\n<p><br>Verpflichtungen zur Entfernung oder Sperrung der Nutzung von  Informationen nach den allgemeinen Gesetzen bleiben hiervon unber\u00fchrt.  Eine diesbez\u00fcgliche Haftung ist jedoch erst ab dem Zeitpunkt derKenntnis einer konkreten Rechtsverletzung m\u00f6glich. Bei Bekanntwerden  von entsprechenden Rechtsverletzungen werden wir diese Inhalte umgehend  entfernen.<\/p>\n\n\n\n<p><br>\n<strong>Haftung f\u00fcr Links<\/strong><br>\nUnser Angebot enth\u00e4lt Links zu externen Websites Dritter, auf deren \nInhalte wir keinen Einfluss haben. Deshalb k\u00f6nnen wir f\u00fcr diese fremden \nInhalte auch keine Gew\u00e4hr \u00fcbernehmen. F\u00fcr die Inhalte der\nverlinkten Seiten ist stets der jeweilige Anbieter oder Betreiber der \nSeiten verantwortlich. Die verlinkten Seiten wurden zum Zeitpunkt der \nVerlinkung auf m\u00f6gliche Rechtsverst\u00f6\u00dfe \u00fcberpr\u00fcft.<br>\n&nbsp;<\/p>\n\n\n\n<p>Rechtswidrige Inhalte waren zum Zeitpunkt der Verlinkung nicht \nerkennbar. Eine permanente inhaltliche Kontrolle der verlinkten Seiten \nist jedoch ohne konkrete Anhaltspunkte einer Rechtsverletzung\nnicht zumutbar. Bei Bekanntwerden von Rechtsverletzungen werden wir \nderartige Links umgehend entfernen.<\/p>\n\n\n\n<p><strong>Urheberrecht<\/strong><br> Die durch die Seitenbetreiber erstellten Inhalte und Werke auf diesen  Seiten unterliegen dem deutschen Urheberrecht. Die Vervielf\u00e4ltigung,  Bearbeitung, Verbreitung und jede Art der Verwertung au\u00dferhalb der Grenzen des Urheberrechtes bed\u00fcrfen der schriftlichen  Zustimmung des jeweiligen Autors bzw. Erstellers. Downloads und Kopien dieser Seite  sind nur f\u00fcr den privaten, nicht kommerziellen Gebrauch gestattet.  Soweit die Inhalte auf dieser Seite nicht vom Betreiber erstellt wurden, werden die Urheberrechte Dritter beachtet. Insbesondere  werden Inhalte Dritter als solche gekennzeichnet. Sollten Sie trotzdem  auf eine Urheberrechtsverletzung aufmerksam werden, bitten wir um einen entsprechenden Hinweis. Bei Bekanntwerden von  Rechtsverletzungen werden wir derartige Inhalte umgehend entfernen.<\/p>\n\n\n\n<p>Quelle:eRecht24<\/p>\n","protected":false},"excerpt":{"rendered":"<p>Verantwortlich jeannie unleashed c\/o Dr. Bettina Bayer Slevogtstr. 22, 28209 Bremen E-Mail: jeannie.unleashed@gmx.de Haftung f\u00fcr InhalteAls Diensteanbieter sind wir gem\u00e4\u00df \u00a7 7 Abs.1 TMG f\u00fcr eigene Inhalte auf diesen Seiten nach den allgemeinen Gesetzen verantwortlich. Nach \u00a7\u00a7 8 bis 10 TMG sind wir als Diensteanbieter jedoch nicht verpflichtet, \u00fcbermittelte oder gespeicherte fremde Informationen zu \u00fcberwachen [&hellip;]<\/p>\n","protected":false},"author":1,"featured_media":0,"parent":0,"menu_order":0,"comment_status":"closed","ping_status":"closed","template":"","meta":{"footnotes":""},"class_list":["post-19","page","type-page","status-publish","hentry","post"],"_links":{"self":[{"href":"https:\/\/www.bettina-bayer.de\/index.php?rest_route=\/wp\/v2\/pages\/19","targetHints":{"allow":["GET"]}}],"collection":[{"href":"https:\/\/www.bettina-bayer.de\/index.php?rest_route=\/wp\/v2\/pages"}],"about":[{"href":"https:\/\/www.bettina-bayer.de\/index.php?rest_route=\/wp\/v2\/types\/page"}],"author":[{"embeddable":true,"href":"https:\/\/www.bettina-bayer.de\/index.php?rest_route=\/wp\/v2\/users\/1"}],"replies":[{"embeddable":true,"href":"https:\/\/www.bettina-bayer.de\/index.php?rest_route=%2Fwp%2Fv2%2Fcomments&post=19"}],"version-history":[{"count":3,"href":"https:\/\/www.bettina-bayer.de\/index.php?rest_route=\/wp\/v2\/pages\/19\/revisions"}],"predecessor-version":[{"id":54,"href":"https:\/\/www.bettina-bayer.de\/index.php?rest_route=\/wp\/v2\/pages\/19\/revisions\/54"}],"wp:attachment":[{"href":"https:\/\/www.bettina-bayer.de\/index.php?rest_route=%2Fwp%2Fv2%2Fmedia&parent=19"}],"curies":[{"name":"wp","href":"https:\/\/api.w.org\/{rel}","templated":true}]}}